{"id":2293,"date":"2023-12-15T13:46:34","date_gmt":"2023-12-15T16:46:34","guid":{"rendered":"https:\/\/tevastudio.cl\/?page_id=2293"},"modified":"2025-12-04T10:39:22","modified_gmt":"2025-12-04T13:39:22","slug":"nosotros","status":"publish","type":"page","link":"https:\/\/tevastudio.cl\/index.php\/nosotros\/","title":{"rendered":"Nosotros"},"content":{"rendered":"\t\t<div data-elementor-type=\"wp-page\" data-elementor-id=\"2293\" class=\"elementor elementor-2293\" data-elementor-post-type=\"page\">\n\t\t\t\t\t\t<section class=\"elementor-section elementor-top-section elementor-element elementor-element-e276520 elementor-section-height-min-height elementor-section-boxed elementor-section-height-default elementor-section-items-middle\" data-id=\"e276520\" data-element_type=\"section\" id=\"nosotros\" data-settings=\"{&quot;background_background&quot;:&quot;classic&quot;}\">\n\t\t\t\t\t\t<div class=\"elementor-container elementor-column-gap-default\">\n\t\t\t\t\t<div class=\"elementor-column elementor-col-100 elementor-top-column elementor-element elementor-element-b246c9\" data-id=\"b246c9\" data-element_type=\"column\">\n\t\t\t<div class=\"elementor-widget-wrap elementor-element-populated\">\n\t\t\t\t\t\t<section class=\"elementor-section elementor-inner-section elementor-element elementor-element-3ebcb21a elementor-section-boxed elementor-section-height-default elementor-section-height-default\" data-id=\"3ebcb21a\" data-element_type=\"section\">\n\t\t\t\t\t\t<div class=\"elementor-container elementor-column-gap-default\">\n\t\t\t\t\t<div class=\"elementor-column elementor-col-50 elementor-inner-column elementor-element elementor-element-2a1f2cb\" data-id=\"2a1f2cb\" data-element_type=\"column\">\n\t\t\t<div class=\"elementor-widget-wrap\">\n\t\t\t\t\t\t\t<\/div>\n\t\t<\/div>\n\t\t\t\t<div class=\"elementor-column elementor-col-50 elementor-inner-column elementor-element elementor-element-70ad17df animated-slow elementor-invisible\" data-id=\"70ad17df\" data-element_type=\"column\" data-settings=\"{&quot;background_background&quot;:&quot;classic&quot;,&quot;animation&quot;:&quot;fadeInRight&quot;}\">\n\t\t\t<div class=\"elementor-widget-wrap elementor-element-populated\">\n\t\t\t\t\t\t<div class=\"elementor-element elementor-element-36ccf610 elementor-widget-divider--view-line elementor-widget elementor-widget-divider\" data-id=\"36ccf610\" data-element_type=\"widget\" data-widget_type=\"divider.default\">\n\t\t\t\t<div class=\"elementor-widget-container\">\n\t\t\t\t\t\t\t<div class=\"elementor-divider\">\n\t\t\t<span class=\"elementor-divider-separator\">\n\t\t\t\t\t\t<\/span>\n\t\t<\/div>\n\t\t\t\t\t\t<\/div>\n\t\t\t\t<\/div>\n\t\t\t\t<div class=\"elementor-element elementor-element-264d0a57 animated-slow elementor-invisible elementor-widget elementor-widget-heading\" data-id=\"264d0a57\" data-element_type=\"widget\" data-settings=\"{&quot;_animation&quot;:&quot;fadeIn&quot;}\" data-widget_type=\"heading.default\">\n\t\t\t\t<div class=\"elementor-widget-container\">\n\t\t\t\t\t<div class=\"elementor-heading-title elementor-size-default\">Nosotros<\/div>\t\t\t\t<\/div>\n\t\t\t\t<\/div>\n\t\t\t\t<div class=\"elementor-element elementor-element-14a3bdbc animated-slow elementor-invisible elementor-widget elementor-widget-heading\" data-id=\"14a3bdbc\" data-element_type=\"widget\" data-settings=\"{&quot;_animation&quot;:&quot;fadeInRight&quot;}\" data-widget_type=\"heading.default\">\n\t\t\t\t<div class=\"elementor-widget-container\">\n\t\t\t\t\t<h2 class=\"elementor-heading-title elementor-size-default\">TEVA STUDIO <\/h2>\t\t\t\t<\/div>\n\t\t\t\t<\/div>\n\t\t\t\t<div class=\"elementor-element elementor-element-4ad2e9a3 elementor-widget elementor-widget-text-editor\" data-id=\"4ad2e9a3\" data-element_type=\"widget\" data-widget_type=\"text-editor.default\">\n\t\t\t\t<div class=\"elementor-widget-container\">\n\t\t\t\t\t\t\t\t\t<p>TEVA somos una empresa dedicada a la naturaleza y a su interrelaci\u00f3n con la vida diaria.&nbsp;Fabricamos jardineras de fibra de vidrio con atenci\u00f3n&nbsp;<span style=\"font-style: inherit; font-weight: inherit;\">personalizada, garantizando la excelencia de nuestros productos y reconociendo los beneficios de un entorno natural<\/span><span style=\"font-style: inherit; font-weight: inherit;\">. Nuestros esfuerzos van dirigidos en insertar la naturaleza en espacios interiores, as\u00ed como en balcones y terrazas, en entornos dom\u00e9sticos y especialmente empresariales.<\/span><\/p>\t\t\t\t\t\t\t\t<\/div>\n\t\t\t\t<\/div>\n\t\t\t\t\t<\/div>\n\t\t<\/div>\n\t\t\t\t\t<\/div>\n\t\t<\/section>\n\t\t\t\t\t<\/div>\n\t\t<\/div>\n\t\t\t\t\t<\/div>\n\t\t<\/section>\n\t\t\t\t<\/div>\n\t\t","protected":false},"excerpt":{"rendered":"<p>Nosotros TEVA STUDIO TEVA somos una empresa dedicada a la naturaleza y a su interrelaci\u00f3n con la vida diaria.&nbsp;Fabricamos jardineras de fibra de vidrio con atenci\u00f3n&nbsp;personalizada, garantizando la excelencia de nuestros productos y reconociendo los beneficios de un entorno natural. Nuestros esfuerzos van dirigidos en insertar la naturaleza en espacios interiores, as\u00ed como en balcones [&hellip;]<\/p>\n","protected":false},"author":9,"featured_media":0,"parent":0,"menu_order":0,"comment_status":"closed","ping_status":"closed","template":"","meta":{"site-sidebar-layout":"no-sidebar","site-content-layout":"page-builder","ast-site-content-layout":"full-width-container","site-content-style":"unboxed","site-sidebar-style":"unboxed","ast-global-header-display":"","ast-banner-title-visibility":"","ast-main-header-display":"","ast-hfb-above-header-display":"","ast-hfb-below-header-display":"","ast-hfb-mobile-header-display":"","site-post-title":"disabled","ast-breadcrumbs-content":"","ast-featured-img":"disabled","footer-sml-layout":"","theme-transparent-header-meta":"","adv-header-id-meta":"","stick-header-meta":"","header-above-stick-meta":"","header-main-stick-meta":"","header-below-stick-meta":"","astra-migrate-meta-layouts":"set","ast-page-background-enabled":"default","ast-page-background-meta":{"desktop":{"background-color":"","background-image":"","background-repeat":"repeat","background-position":"center center","background-size":"auto","background-attachment":"scroll","background-type":"","background-media":"","overlay-type":"","overlay-color":"","overlay-opacity":"","overlay-gradient":""},"tablet":{"background-color":"","background-image":"","background-repeat":"repeat","background-position":"center center","background-size":"auto","background-attachment":"scroll","background-type":"","background-media":"","overlay-type":"","overlay-color":"","overlay-opacity":"","overlay-gradient":""},"mobile":{"background-color":"","background-image":"","background-repeat":"repeat","background-position":"center center","background-size":"auto","background-attachment":"scroll","background-type":"","background-media":"","overlay-type":"","overlay-color":"","overlay-opacity":"","overlay-gradient":""}},"ast-content-background-meta":{"desktop":{"background-color":"var(--ast-global-color-5)","background-image":"","background-repeat":"repeat","background-position":"center center","background-size":"auto","background-attachment":"scroll","background-type":"","background-media":"","overlay-type":"","overlay-color":"","overlay-opacity":"","overlay-gradient":""},"tablet":{"background-color":"var(--ast-global-color-5)","background-image":"","background-repeat":"repeat","background-position":"center center","background-size":"auto","background-attachment":"scroll","background-type":"","background-media":"","overlay-type":"","overlay-color":"","overlay-opacity":"","overlay-gradient":""},"mobile":{"background-color":"var(--ast-global-color-5)","background-image":"","background-repeat":"repeat","background-position":"center center","background-size":"auto","background-attachment":"scroll","background-type":"","background-media":"","overlay-type":"","overlay-color":"","overlay-opacity":"","overlay-gradient":""}},"_joinchat":[],"footnotes":""},"class_list":["post-2293","page","type-page","status-publish","hentry"],"yoast_head":"<!-- This site is optimized with the Yoast SEO plugin v26.4 - https:\/\/yoast.com\/wordpress\/plugins\/seo\/ -->\n<title>Qui\u00e9nes somos | Teva Studio \u2013 Expertos en macetas y paisajismo<\/title>\n<meta name=\"description\" content=\"Teva Studio: m\u00e1s de 25 a\u00f1os de experiencia fabricando macetas y jardineras de fibra de vidrio para proyectos en Chile. Compromiso con dise\u00f1o y calidad.\" \/>\n<meta name=\"robots\" content=\"index, follow, max-snippet:-1, max-image-preview:large, max-video-preview:-1\" \/>\n<link rel=\"canonical\" href=\"https:\/\/tevastudio.cl\/index.php\/nosotros\/\" \/>\n<meta property=\"og:locale\" content=\"es_ES\" \/>\n<meta property=\"og:type\" content=\"article\" \/>\n<meta property=\"og:title\" content=\"Qui\u00e9nes somos | Teva Studio \u2013 Expertos en macetas y paisajismo\" \/>\n<meta property=\"og:description\" content=\"Teva Studio: m\u00e1s de 25 a\u00f1os de experiencia fabricando macetas y jardineras de fibra de vidrio para proyectos en Chile. Compromiso con dise\u00f1o y calidad.\" \/>\n<meta property=\"og:url\" content=\"https:\/\/tevastudio.cl\/index.php\/nosotros\/\" \/>\n<meta property=\"og:site_name\" content=\"Teva Studio\" \/>\n<meta property=\"article:modified_time\" content=\"2025-12-04T13:39:22+00:00\" \/>\n<meta name=\"twitter:card\" content=\"summary_large_image\" \/>\n<meta name=\"twitter:label1\" content=\"Tiempo de lectura\" \/>\n\t<meta name=\"twitter:data1\" content=\"1 minuto\" \/>\n<script type=\"application\/ld+json\" class=\"yoast-schema-graph\">{\"@context\":\"https:\/\/schema.org\",\"@graph\":[{\"@type\":\"WebPage\",\"@id\":\"https:\/\/tevastudio.cl\/index.php\/nosotros\/\",\"url\":\"https:\/\/tevastudio.cl\/index.php\/nosotros\/\",\"name\":\"Qui\u00e9nes somos | Teva Studio \u2013 Expertos en macetas y paisajismo\",\"isPartOf\":{\"@id\":\"https:\/\/tevastudio.cl\/#website\"},\"datePublished\":\"2023-12-15T16:46:34+00:00\",\"dateModified\":\"2025-12-04T13:39:22+00:00\",\"description\":\"Teva Studio: m\u00e1s de 25 a\u00f1os de experiencia fabricando macetas y jardineras de fibra de vidrio para proyectos en Chile. Compromiso con dise\u00f1o y calidad.\",\"breadcrumb\":{\"@id\":\"https:\/\/tevastudio.cl\/index.php\/nosotros\/#breadcrumb\"},\"inLanguage\":\"es\",\"potentialAction\":[{\"@type\":\"ReadAction\",\"target\":[\"https:\/\/tevastudio.cl\/index.php\/nosotros\/\"]}]},{\"@type\":\"BreadcrumbList\",\"@id\":\"https:\/\/tevastudio.cl\/index.php\/nosotros\/#breadcrumb\",\"itemListElement\":[{\"@type\":\"ListItem\",\"position\":1,\"name\":\"Portada\",\"item\":\"https:\/\/tevastudio.cl\/\"},{\"@type\":\"ListItem\",\"position\":2,\"name\":\"Nosotros\"}]},{\"@type\":\"WebSite\",\"@id\":\"https:\/\/tevastudio.cl\/#website\",\"url\":\"https:\/\/tevastudio.cl\/\",\"name\":\"Teva Studio\",\"description\":\"\",\"publisher\":{\"@id\":\"https:\/\/tevastudio.cl\/#organization\"},\"potentialAction\":[{\"@type\":\"SearchAction\",\"target\":{\"@type\":\"EntryPoint\",\"urlTemplate\":\"https:\/\/tevastudio.cl\/?s={search_term_string}\"},\"query-input\":{\"@type\":\"PropertyValueSpecification\",\"valueRequired\":true,\"valueName\":\"search_term_string\"}}],\"inLanguage\":\"es\"},{\"@type\":\"Organization\",\"@id\":\"https:\/\/tevastudio.cl\/#organization\",\"name\":\"Teva Studio\",\"url\":\"https:\/\/tevastudio.cl\/\",\"logo\":{\"@type\":\"ImageObject\",\"inLanguage\":\"es\",\"@id\":\"https:\/\/tevastudio.cl\/#\/schema\/logo\/image\/\",\"url\":\"https:\/\/tevastudio.cl\/wp-content\/uploads\/2022\/12\/logo-teva-studio.png\",\"contentUrl\":\"https:\/\/tevastudio.cl\/wp-content\/uploads\/2022\/12\/logo-teva-studio.png\",\"width\":400,\"height\":167,\"caption\":\"Teva Studio\"},\"image\":{\"@id\":\"https:\/\/tevastudio.cl\/#\/schema\/logo\/image\/\"}}]}<\/script>\n<!-- \/ Yoast SEO plugin. -->","yoast_head_json":{"title":"Qui\u00e9nes somos | Teva Studio \u2013 Expertos en macetas y paisajismo","description":"Teva Studio: m\u00e1s de 25 a\u00f1os de experiencia fabricando macetas y jardineras de fibra de vidrio para proyectos en Chile. Compromiso con dise\u00f1o y calidad.","robots":{"index":"index","follow":"follow","max-snippet":"max-snippet:-1","max-image-preview":"max-image-preview:large","max-video-preview":"max-video-preview:-1"},"canonical":"https:\/\/tevastudio.cl\/index.php\/nosotros\/","og_locale":"es_ES","og_type":"article","og_title":"Qui\u00e9nes somos | Teva Studio \u2013 Expertos en macetas y paisajismo","og_description":"Teva Studio: m\u00e1s de 25 a\u00f1os de experiencia fabricando macetas y jardineras de fibra de vidrio para proyectos en Chile. Compromiso con dise\u00f1o y calidad.","og_url":"https:\/\/tevastudio.cl\/index.php\/nosotros\/","og_site_name":"Teva Studio","article_modified_time":"2025-12-04T13:39:22+00:00","twitter_card":"summary_large_image","twitter_misc":{"Tiempo de lectura":"1 minuto"},"schema":{"@context":"https:\/\/schema.org","@graph":[{"@type":"WebPage","@id":"https:\/\/tevastudio.cl\/index.php\/nosotros\/","url":"https:\/\/tevastudio.cl\/index.php\/nosotros\/","name":"Qui\u00e9nes somos | Teva Studio \u2013 Expertos en macetas y paisajismo","isPartOf":{"@id":"https:\/\/tevastudio.cl\/#website"},"datePublished":"2023-12-15T16:46:34+00:00","dateModified":"2025-12-04T13:39:22+00:00","description":"Teva Studio: m\u00e1s de 25 a\u00f1os de experiencia fabricando macetas y jardineras de fibra de vidrio para proyectos en Chile. Compromiso con dise\u00f1o y calidad.","breadcrumb":{"@id":"https:\/\/tevastudio.cl\/index.php\/nosotros\/#breadcrumb"},"inLanguage":"es","potentialAction":[{"@type":"ReadAction","target":["https:\/\/tevastudio.cl\/index.php\/nosotros\/"]}]},{"@type":"BreadcrumbList","@id":"https:\/\/tevastudio.cl\/index.php\/nosotros\/#breadcrumb","itemListElement":[{"@type":"ListItem","position":1,"name":"Portada","item":"https:\/\/tevastudio.cl\/"},{"@type":"ListItem","position":2,"name":"Nosotros"}]},{"@type":"WebSite","@id":"https:\/\/tevastudio.cl\/#website","url":"https:\/\/tevastudio.cl\/","name":"Teva Studio","description":"","publisher":{"@id":"https:\/\/tevastudio.cl\/#organization"},"potentialAction":[{"@type":"SearchAction","target":{"@type":"EntryPoint","urlTemplate":"https:\/\/tevastudio.cl\/?s={search_term_string}"},"query-input":{"@type":"PropertyValueSpecification","valueRequired":true,"valueName":"search_term_string"}}],"inLanguage":"es"},{"@type":"Organization","@id":"https:\/\/tevastudio.cl\/#organization","name":"Teva Studio","url":"https:\/\/tevastudio.cl\/","logo":{"@type":"ImageObject","inLanguage":"es","@id":"https:\/\/tevastudio.cl\/#\/schema\/logo\/image\/","url":"https:\/\/tevastudio.cl\/wp-content\/uploads\/2022\/12\/logo-teva-studio.png","contentUrl":"https:\/\/tevastudio.cl\/wp-content\/uploads\/2022\/12\/logo-teva-studio.png","width":400,"height":167,"caption":"Teva Studio"},"image":{"@id":"https:\/\/tevastudio.cl\/#\/schema\/logo\/image\/"}}]}},"_links":{"self":[{"href":"https:\/\/tevastudio.cl\/index.php\/wp-json\/wp\/v2\/pages\/2293","targetHints":{"allow":["GET"]}}],"collection":[{"href":"https:\/\/tevastudio.cl\/index.php\/wp-json\/wp\/v2\/pages"}],"about":[{"href":"https:\/\/tevastudio.cl\/index.php\/wp-json\/wp\/v2\/types\/page"}],"author":[{"embeddable":true,"href":"https:\/\/tevastudio.cl\/index.php\/wp-json\/wp\/v2\/users\/9"}],"replies":[{"embeddable":true,"href":"https:\/\/tevastudio.cl\/index.php\/wp-json\/wp\/v2\/comments?post=2293"}],"version-history":[{"count":20,"href":"https:\/\/tevastudio.cl\/index.php\/wp-json\/wp\/v2\/pages\/2293\/revisions"}],"predecessor-version":[{"id":3733,"href":"https:\/\/tevastudio.cl\/index.php\/wp-json\/wp\/v2\/pages\/2293\/revisions\/3733"}],"wp:attachment":[{"href":"https:\/\/tevastudio.cl\/index.php\/wp-json\/wp\/v2\/media?parent=2293"}],"curies":[{"name":"wp","href":"https:\/\/api.w.org\/{rel}","templated":true}]}}